{"id":2924,"date":"2024-09-27T16:56:16","date_gmt":"2024-09-27T14:56:16","guid":{"rendered":"https:\/\/klaus-lichtenauer.com\/?page_id=2924"},"modified":"2025-01-29T21:29:21","modified_gmt":"2025-01-29T20:29:21","slug":"coaching","status":"publish","type":"page","link":"https:\/\/klaus-lichtenauer.com\/en\/coaching\/","title":{"rendered":"Coaching"},"content":{"rendered":"<div data-elementor-type=\"wp-page\" data-elementor-id=\"2924\" class=\"elementor elementor-2924\" data-elementor-post-type=\"page\">\n\t\t\t\t<div class=\"elementor-element elementor-element-96466b0 e-con-full e-flex e-con e-parent\" data-id=\"96466b0\" data-element_type=\"container\" data-settings=\"{&quot;background_background&quot;:&quot;classic&quot;,&quot;jet_parallax_layout_list&quot;:[]}\">\n\t\t<div class=\"elementor-element elementor-element-c34d682 e-con-full e-flex e-con e-child\" data-id=\"c34d682\" data-element_type=\"container\" data-settings=\"{&quot;jet_parallax_layout_list&quot;:[]}\">\n\t\t\t\t<\/div>\n\t\t\t\t<\/div>\n\t\t<div class=\"elementor-element elementor-element-1d01b7e7 e-flex e-con-boxed e-con e-parent\" data-id=\"1d01b7e7\" data-element_type=\"container\" data-settings=\"{&quot;jet_parallax_layout_list&quot;:[]}\">\n\t\t\t\t\t<div class=\"e-con-inner\">\n\t\t\t\t<div class=\"elementor-element elementor-element-43bf6ae5 elementor-widget elementor-widget-html\" data-id=\"43bf6ae5\" data-element_type=\"widget\" data-widget_type=\"html.default\">\n\t\t\t\t<div class=\"elementor-widget-container\">\n\t\t\t\t\t<script type=\"text\/javascript\">\njQuery(document).ready(function() {\n jQuery('#zurueck').on('click', function() {\n window.history.go(-1);\n return false;\n });\n});\n<\/script>\t\t\t\t<\/div>\n\t\t\t\t<\/div>\n\t\t\t\t<div class=\"elementor-element elementor-element-44b8efdd elementor-widget elementor-widget-button\" data-id=\"44b8efdd\" data-element_type=\"widget\" id=\"zurueck\" data-widget_type=\"button.default\">\n\t\t\t\t<div class=\"elementor-widget-container\">\n\t\t\t\t\t\t\t\t\t<div class=\"elementor-button-wrapper\">\n\t\t\t\t\t<a class=\"elementor-button elementor-button-link elementor-size-sm elementor-animation-grow\" href=\"#\">\n\t\t\t\t\t\t<span class=\"elementor-button-content-wrapper\">\n\t\t\t\t\t\t<span class=\"elementor-button-icon\">\n\t\t\t\t<i aria-hidden=\"true\" class=\"fas fa-arrow-left\"><\/i>\t\t\t<\/span>\n\t\t\t\t\t\t\t\t\t<span class=\"elementor-button-text\">Zur\u00fcck<\/span>\n\t\t\t\t\t<\/span>\n\t\t\t\t\t<\/a>\n\t\t\t\t<\/div>\n\t\t\t\t\t\t\t\t<\/div>\n\t\t\t\t<\/div>\n\t\t\t\t\t<\/div>\n\t\t\t\t<\/div>\n\t\t<div class=\"elementor-element elementor-element-388e79f e-flex e-con-boxed e-con e-parent\" data-id=\"388e79f\" data-element_type=\"container\" data-settings=\"{&quot;jet_parallax_layout_list&quot;:[]}\">\n\t\t\t\t\t<div class=\"e-con-inner\">\n\t\t<div class=\"elementor-element elementor-element-bdd7bf7 e-con-full e-flex e-con e-child\" data-id=\"bdd7bf7\" data-element_type=\"container\" data-settings=\"{&quot;jet_parallax_layout_list&quot;:[]}\">\n\t\t\t\t<div class=\"elementor-element elementor-element-c4d6984 elementor-widget elementor-widget-heading\" data-id=\"c4d6984\" data-element_type=\"widget\" data-widget_type=\"heading.default\">\n\t\t\t\t<div class=\"elementor-widget-container\">\n\t\t\t\t\t<h2 class=\"elementor-heading-title elementor-size-default\">Coaching<\/h2>\t\t\t\t<\/div>\n\t\t\t\t<\/div>\n\t\t\t\t<div class=\"elementor-element elementor-element-bd4cdff elementor-widget elementor-widget-text-editor\" data-id=\"bd4cdff\" data-element_type=\"widget\" data-widget_type=\"text-editor.default\">\n\t\t\t\t<div class=\"elementor-widget-container\">\n\t\t\t\t\t\t\t\t\t<p>The keen interest in people in combination with a strong business orientation is my motivation to accompany executives and organizations in substantial change processes and challenges. Therefore, my focus is on business and executive coaching.<\/p><p>Profound empathy and many years of experience in international senior management (C-level management) enable me to provide deep practice-oriented coaching that delivers tangible added value for my clients.<\/p><p>My clients come from the agile start-up scene, medium-sized businesses and international\ncorporations. The focal points are business and IT transformations, intercultural management as well as leadership and team development. I also accompany CIOs and CTOs as a confident and valuable sparring partner in their change processes.<\/p>\t\t\t\t\t\t\t\t<\/div>\n\t\t\t\t<\/div>\n\t\t\t\t<\/div>\n\t\t\t\t\t<\/div>\n\t\t\t\t<\/div>\n\t\t\t\t<\/div>","protected":false},"excerpt":{"rendered":"<p>Zur\u00fcck Coaching Das ausgepr\u00e4gte Interesse am Menschen in Kombination mit einer starken Business-Orientierung sind meine Motivation F\u00fchrungskr\u00e4fte und Organisationen in gro\u00dfen Ver\u00e4nderungsprozessen und Herausforderungen zu begleiten. Deshalb liegt mein Fokus im Coaching auf Business- und Executive-Coaching. Tiefgreifende Empathie und meine langj\u00e4hrige Erfahrung im internationalen Senior-Management (C-Level Management) erm\u00f6glichen mir ein extrem praxis-orientiertes Coaching, welches sp\u00fcrbare [&hellip;]<\/p>\n","protected":false},"author":4,"featured_media":0,"parent":0,"menu_order":0,"comment_status":"closed","ping_status":"closed","template":"","meta":{"footnotes":""},"class_list":["post-2924","page","type-page","status-publish","hentry"],"_links":{"self":[{"href":"https:\/\/klaus-lichtenauer.com\/en\/wp-json\/wp\/v2\/pages\/2924","targetHints":{"allow":["GET"]}}],"collection":[{"href":"https:\/\/klaus-lichtenauer.com\/en\/wp-json\/wp\/v2\/pages"}],"about":[{"href":"https:\/\/klaus-lichtenauer.com\/en\/wp-json\/wp\/v2\/types\/page"}],"author":[{"embeddable":true,"href":"https:\/\/klaus-lichtenauer.com\/en\/wp-json\/wp\/v2\/users\/4"}],"replies":[{"embeddable":true,"href":"https:\/\/klaus-lichtenauer.com\/en\/wp-json\/wp\/v2\/comments?post=2924"}],"version-history":[{"count":10,"href":"https:\/\/klaus-lichtenauer.com\/en\/wp-json\/wp\/v2\/pages\/2924\/revisions"}],"predecessor-version":[{"id":3009,"href":"https:\/\/klaus-lichtenauer.com\/en\/wp-json\/wp\/v2\/pages\/2924\/revisions\/3009"}],"wp:attachment":[{"href":"https:\/\/klaus-lichtenauer.com\/en\/wp-json\/wp\/v2\/media?parent=2924"}],"curies":[{"name":"wp","href":"https:\/\/api.w.org\/{rel}","templated":true}]}}