{"id":2929,"date":"2024-09-27T16:59:28","date_gmt":"2024-09-27T14:59:28","guid":{"rendered":"https:\/\/klaus-lichtenauer.com\/?page_id=2929"},"modified":"2024-10-01T15:52:33","modified_gmt":"2024-10-01T13:52:33","slug":"interim-management","status":"publish","type":"page","link":"https:\/\/klaus-lichtenauer.com\/en\/interim-management\/","title":{"rendered":"Interim Management"},"content":{"rendered":"<div data-elementor-type=\"wp-page\" data-elementor-id=\"2929\" class=\"elementor elementor-2929\" data-elementor-post-type=\"page\">\n\t\t\t\t<div class=\"elementor-element elementor-element-96466b0 e-con-full e-flex e-con e-parent\" data-id=\"96466b0\" data-element_type=\"container\" data-settings=\"{&quot;background_background&quot;:&quot;classic&quot;,&quot;jet_parallax_layout_list&quot;:[]}\">\n\t\t<div class=\"elementor-element elementor-element-c34d682 e-con-full e-flex e-con e-child\" data-id=\"c34d682\" data-element_type=\"container\" data-settings=\"{&quot;jet_parallax_layout_list&quot;:[]}\">\n\t\t\t\t<\/div>\n\t\t\t\t<\/div>\n\t\t<div class=\"elementor-element elementor-element-108ccee8 e-flex e-con-boxed e-con e-parent\" data-id=\"108ccee8\" data-element_type=\"container\" data-settings=\"{&quot;jet_parallax_layout_list&quot;:[]}\">\n\t\t\t\t\t<div class=\"e-con-inner\">\n\t\t\t\t<div class=\"elementor-element elementor-element-6a87473c elementor-widget elementor-widget-html\" data-id=\"6a87473c\" data-element_type=\"widget\" data-widget_type=\"html.default\">\n\t\t\t\t<div class=\"elementor-widget-container\">\n\t\t\t\t\t<script type=\"text\/javascript\">\njQuery(document).ready(function() {\n jQuery('#zurueck').on('click', function() {\n window.history.go(-1);\n return false;\n });\n});\n<\/script>\t\t\t\t<\/div>\n\t\t\t\t<\/div>\n\t\t\t\t<div class=\"elementor-element elementor-element-36d579f1 elementor-widget elementor-widget-button\" data-id=\"36d579f1\" data-element_type=\"widget\" id=\"zurueck\" data-widget_type=\"button.default\">\n\t\t\t\t<div class=\"elementor-widget-container\">\n\t\t\t\t\t\t\t\t\t<div class=\"elementor-button-wrapper\">\n\t\t\t\t\t<a class=\"elementor-button elementor-button-link elementor-size-sm elementor-animation-grow\" href=\"#\">\n\t\t\t\t\t\t<span class=\"elementor-button-content-wrapper\">\n\t\t\t\t\t\t<span class=\"elementor-button-icon\">\n\t\t\t\t<i aria-hidden=\"true\" class=\"fas fa-arrow-left\"><\/i>\t\t\t<\/span>\n\t\t\t\t\t\t\t\t\t<span class=\"elementor-button-text\">Zur\u00fcck<\/span>\n\t\t\t\t\t<\/span>\n\t\t\t\t\t<\/a>\n\t\t\t\t<\/div>\n\t\t\t\t\t\t\t\t<\/div>\n\t\t\t\t<\/div>\n\t\t\t\t\t<\/div>\n\t\t\t\t<\/div>\n\t\t<div class=\"elementor-element elementor-element-388e79f e-flex e-con-boxed e-con e-parent\" data-id=\"388e79f\" data-element_type=\"container\" data-settings=\"{&quot;jet_parallax_layout_list&quot;:[]}\">\n\t\t\t\t\t<div class=\"e-con-inner\">\n\t\t<div class=\"elementor-element elementor-element-bdd7bf7 e-con-full e-flex e-con e-child\" data-id=\"bdd7bf7\" data-element_type=\"container\" data-settings=\"{&quot;jet_parallax_layout_list&quot;:[]}\">\n\t\t\t\t<div class=\"elementor-element elementor-element-c4d6984 elementor-widget elementor-widget-heading\" data-id=\"c4d6984\" data-element_type=\"widget\" data-widget_type=\"heading.default\">\n\t\t\t\t<div class=\"elementor-widget-container\">\n\t\t\t\t\t<h2 class=\"elementor-heading-title elementor-size-default\">Interim Management<\/h2>\t\t\t\t<\/div>\n\t\t\t\t<\/div>\n\t\t\t\t<div class=\"elementor-element elementor-element-bd4cdff elementor-widget elementor-widget-text-editor\" data-id=\"bd4cdff\" data-element_type=\"widget\" data-widget_type=\"text-editor.default\">\n\t\t\t\t<div class=\"elementor-widget-container\">\n\t\t\t\t\t\t\t\t\t<p>As an experienced expert with special competencies such as IT transformations, restructuring or international management projects, or for a temporary solution in senior management, I assume responsibility for complex tasks for my clients as a competent interim manager and goal-oriented team player.<\/p><p>My profound management experience is based on more than 17 years in various senior management roles at a large German energy company, which were almost exclusively international in nature. As an expat in various European countries, I was able to gain valuable experience in international management in addition to intercultural competence.<\/p><p>I assume temporary responsibility for my clients at the highest management level in line\nmanagement or for a program or project with C-level relevance and achieve significant success that reflects in my client's EBIT or other quota.<\/p><p>My very good experiences from numerous comparable challenges help me to pick up and structure such tasks in a very short time in order to lead them to a successful conclusion afterwards.<\/p>\t\t\t\t\t\t\t\t<\/div>\n\t\t\t\t<\/div>\n\t\t\t\t<\/div>\n\t\t\t\t\t<\/div>\n\t\t\t\t<\/div>\n\t\t\t\t<\/div>","protected":false},"excerpt":{"rendered":"<p>Zur\u00fcck Interim Management Als erfahrener Experte mit speziellen Kompetenzen wie etwa IT-Transformationen, Restrukturierungen oder internationalen Managementprojekten oder aber f\u00fcr eine zeitlich befristete L\u00f6sung im Senior-Management \u00fcbernehme ich f\u00fcr meine Kunden als kompetenter Interim Manager und zielorientierter Teamplayer die Verantwortung f\u00fcr komplexe Aufgabenstellungen. Meine fundierten Managementerfahrungen basieren auf einer mehr als 17-j\u00e4hrigen T\u00e4tigkeit in diversen Senior-Management [&hellip;]<\/p>\n","protected":false},"author":4,"featured_media":0,"parent":0,"menu_order":0,"comment_status":"closed","ping_status":"closed","template":"","meta":{"footnotes":""},"class_list":["post-2929","page","type-page","status-publish","hentry"],"_links":{"self":[{"href":"https:\/\/klaus-lichtenauer.com\/en\/wp-json\/wp\/v2\/pages\/2929","targetHints":{"allow":["GET"]}}],"collection":[{"href":"https:\/\/klaus-lichtenauer.com\/en\/wp-json\/wp\/v2\/pages"}],"about":[{"href":"https:\/\/klaus-lichtenauer.com\/en\/wp-json\/wp\/v2\/types\/page"}],"author":[{"embeddable":true,"href":"https:\/\/klaus-lichtenauer.com\/en\/wp-json\/wp\/v2\/users\/4"}],"replies":[{"embeddable":true,"href":"https:\/\/klaus-lichtenauer.com\/en\/wp-json\/wp\/v2\/comments?post=2929"}],"version-history":[{"count":10,"href":"https:\/\/klaus-lichtenauer.com\/en\/wp-json\/wp\/v2\/pages\/2929\/revisions"}],"predecessor-version":[{"id":3003,"href":"https:\/\/klaus-lichtenauer.com\/en\/wp-json\/wp\/v2\/pages\/2929\/revisions\/3003"}],"wp:attachment":[{"href":"https:\/\/klaus-lichtenauer.com\/en\/wp-json\/wp\/v2\/media?parent=2929"}],"curies":[{"name":"wp","href":"https:\/\/api.w.org\/{rel}","templated":true}]}}